{"id":1303,"date":"2017-07-06T13:55:41","date_gmt":"2017-07-06T13:55:41","guid":{"rendered":"https:\/\/mentor.lv\/par-mums\/"},"modified":"2025-01-21T18:25:01","modified_gmt":"2025-01-21T18:25:01","slug":"par-mums","status":"publish","type":"page","link":"https:\/\/mentor.lv\/en\/par-mums\/","title":{"rendered":"Par mums"},"content":{"rendered":"<div class=\"wpb-content-wrapper\"><p>[vc_row][vc_column][vc_column_text css=&#8221;&#8221;]<\/p>\n<h2><strong>Kas m\u0113s esam?<\/strong><\/h2>\n<p><span class=\"S1PPyQ\"><strong>&#8220;Mentor Latvia&#8221;<\/strong> ir nevalstisk\u0101 organiz\u0101cija, kas str\u0101d\u0101 ar jaunie\u0161iem no soci\u0101l\u0101 riska grup\u0101m, kuriem pietr\u016bkst \u0123imenes atbalsta. M\u0113s nodro\u0161in\u0101m individu\u0101lu atbalstu jaunie\u0161iem no \u0101rpus\u0123imenes apr\u016bpes \u2013 jaunie\u0161u m\u0101j\u0101m, un aud\u017eu\u0123imen\u0113m, k\u0101 ar\u012b jaunie\u0161iem, kuru \u0123imenes nesp\u0113j sniegt pilnv\u0113rt\u012bgu atbalstu.<\/span><\/p>\n<p><span class=\"S1PPyQ\"><strong>&#8220;Mentor Latvia&#8221;<\/strong> ir vien\u012bg\u0101 organiz\u0101cija Latvij\u0101, kas pied\u0101v\u0101 mentorprogrammu jaunie\u0161iem vienu gadu un ilg\u0101k. Me\u0304s esam izveidojus\u030ci spe\u0304ci\u0304gu bri\u0304vpra\u0304ti\u0304go mentoru ti\u0304klu, pieda\u0304va\u0304jot pieaugus\u030cajiem bri\u0304vpra\u0304ti\u0304gi dali\u0304ties ar sava\u0304m zina\u0304s\u030cana\u0304m, prasm\u0113m un laiku, atbalstot jaunies\u030cus, kuriem pietr\u016bkst \u0123imenes r\u016bpju.<\/span><\/p>\n<h2><strong>M\u016bsu misija<\/strong><\/h2>\n<p style=\"font-weight: 400\">Mentorprogrammas m\u0113r\u0137is ir sniegt emocion\u0101lu un praktisku atbalstu 12-24 gadu vecuma jaunie\u0161iem, kuri b\u0113rn\u012bb\u0101 nav izjutu\u0161i \u0123imenes atbalstu un r\u016bpes, nav iepazinu\u0161i \u0123imenes sadz\u012bvi.<\/p>\n<h2><strong>M\u016bsu v\u0113rt\u012bbas<\/strong><\/h2>\n<p class=\"_04xlpA direction-ltr align-start para-style-body\"><strong><span class=\"S1PPyQ\">SP\u0112CIN\u0100T &#8211;<\/span><\/strong><span class=\"S1PPyQ\"> stiprin\u0101t jaunie\u0161u pa\u0161apzi\u0146u, sniedzot tiem zin\u0101\u0161anas un prasmes.<\/span><\/p>\n<p class=\"_04xlpA direction-ltr align-start para-style-body\"><strong><span class=\"S1PPyQ\">IEDVESMOT &#8211;<\/span><\/strong><span class=\"S1PPyQ\"> rosin\u0101t jaunie\u0161us ieguld\u012bt sav\u0101 n\u0101kotn\u0113 jau tagad.<\/span><\/p>\n<p class=\"_04xlpA direction-ltr align-start para-style-body\"><strong><span class=\"S1PPyQ\">MOTIV\u0112T &#8211; <\/span><\/strong><span class=\"S1PPyQ\">a<\/span><span class=\"S1PPyQ\">tbalst\u012bt jaunie\u0161us patst\u0101v\u012bgas dz\u012bves uzs\u0101k\u0161an\u0101.<\/span><\/p>\n<h2><strong>K\u0101 m\u0113s str\u0101d\u0101jam?<\/strong><\/h2>\n<p><span class=\"S1PPyQ\">Pateicoties individua\u0304lam ziedota\u0304ju un uzn\u0327e\u0304mumu atbalstam, kops\u030c 2010. gada i\u0304stenojam mentorprogrammu Latvij\u0101. Esam atbalsti\u0304jus\u030ci\u00a0teju 700 jaunies\u030cus no socia\u0304la\u0304 riska grupa\u0304m, pali\u0304dzot sagatavoties patsta\u0304vi\u0304gas dzi\u0304ves uzsa\u0304ks\u030canai.<\/span><\/p>\n<p>Finans\u0113jums tiek izmantots, lai sniegtu individu\u0101lu un regul\u0101ru atbalstu jaunie\u0161iem, mentoru sagatavo\u0161anai, regul\u0101r\u0101m psihologa atbalsta grup\u0101m, kuras vada supervizors\/terapeits, jaunie\u0161us izgl\u012btojo\u0161\u0101m nodarb\u012bb\u0101m un redzesloku papla\u0161ino\u0161iem pas\u0101kumiem, k\u0101 ar\u012b 30.00 eiro kabatas naudai mentorp\u0101rim m\u0113nes\u012b.<\/p>\n<p><strong>&#8220;Mentor Latvia&#8221; ir starptautisk\u0101s Mentor organiz\u0101cijas dal\u012bbniece.<\/strong><\/p>\n<p><strong>Starptautisk\u0101 Mentor organiz\u0101cija<\/strong>\u00a0ir bezpe\u013c\u0146as nevalstiska\u00a0organiz\u0101cija, kas dibin\u0101ta 1994. gad\u0101 \u0160veic\u0113. \u00a0Mentor dal\u012bbas\u00a0organiz\u0101ciju v\u012bzija ir pasaule, kur\u0101 b\u0113rni un jaunie\u0161i ir iedro\u0161in\u0101ti pa\u0161i pie\u0146emt apzin\u0101tu l\u0113mumu par labu vesel\u012bgam dz\u012bvesveidam un izvair\u012bties no narkotiku lieto\u0161anas.<\/p>\n<p><img loading=\"lazy\" decoding=\"async\" class=\"alignnone size-full wp-image-2627\" src=\"https:\/\/mentor.lv\/wp-content\/uploads\/sites\/4\/2023\/06\/vinas_majestate_zviedrijas_karaliene_silvija.jpg__288x192_q85_crop_subsampling-2_upscale-1.jpg\" alt=\"\" width=\"288\" height=\"192\" srcset=\"https:\/\/mentor.lv\/wp-content\/uploads\/sites\/4\/2023\/06\/vinas_majestate_zviedrijas_karaliene_silvija.jpg__288x192_q85_crop_subsampling-2_upscale-1.jpg 288w, https:\/\/mentor.lv\/wp-content\/uploads\/sites\/4\/2023\/06\/vinas_majestate_zviedrijas_karaliene_silvija.jpg__288x192_q85_crop_subsampling-2_upscale-1-250x167.jpg 250w\" sizes=\"auto, (max-width: 288px) 100vw, 288px\" \/><\/p>\n<p>Starptautisk\u0101s Mentor organiz\u0101cijas prezidente ir Vi\u0146as Majest\u0101te Silvija, Zviedrijas karaliene.<\/p>\n<p>Mentor organiz\u0101cijas pasaul\u0113 veiksm\u012bgi sadarbojas ar valsts un nevalstisk\u0101m organiz\u0101cij\u0101m. Patlaban dal\u012bbas organiz\u0101cijas ir \u201eMentor Ar\u0101bija\u201d, \u201eMentor V\u0101cija\u201d, \u201eMentor Zviedrija\u201d, \u201eMentor Lielbrit\u0101nija\u201d, \u201eMentor ASV\u201d un kop\u0161 2010. gada ar\u012b \u201eMentor Latvia\u201d.<\/p>\n<p>Mentor\u00a0organiz\u0101cija savas darb\u012bbas laik\u0101 ir sniegusi atbalstu un pal\u012bdz\u0113jusi vair\u0101k nek\u0101 miljonam b\u0113rnu un jaunie\u0161u vis\u0101 pasaul\u0113 izvair\u012bties no narkotiku lieto\u0161anas un cit\u0101m atkar\u012bb\u0101m, iepaz\u012bt vesel\u012bgu dz\u012bvesveidu, atrast savu vietu dz\u012bv\u0113 un k\u013c\u016bt par p\u0101rliecin\u0101tu un pilnties\u012bgu sabiedr\u012bbas locekli.<\/p>\n<p>\u201eMentor\u201d organiz\u0101cijai ir izstr\u0101d\u0101ta strukt\u016bra un starptautiska atpaz\u012bstam\u012bba, tai ir pie\u0161\u0137irts statuss\u00a0ECOSOC un t\u0101 ir akredit\u0113ta k\u0101 CICAD\u00a0\u201eThe Organization of American States\u201d biedrs, k\u0101 ar\u012b \u201eMentor\u201d organiz\u0101cijai ir konsultat\u012bvais statuss\u00a0Eiropas Padom\u0113.[\/vc_column_text][\/vc_column][\/vc_row][vc_row][vc_column][vc_column_text]<\/p>\n<div id=\"accelSnackbar\"><\/div>\n<p>[\/vc_column_text][\/vc_column][\/vc_row]<\/p>\n<\/div>","protected":false},"excerpt":{"rendered":"<p>[vc_row][vc_column][vc_column_text css=&#8221;&#8221;] Kas m\u0113s esam? &#8220;Mentor Latvia&#8221; ir nevalstisk\u0101 organiz\u0101cija, kas str\u0101d\u0101 ar jaunie\u0161iem no soci\u0101l\u0101 riska grup\u0101m, kuriem pietr\u016bkst \u0123imenes atbalsta. M\u0113s nodro\u0161in\u0101m individu\u0101lu atbalstu jaunie\u0161iem no \u0101rpus\u0123imenes apr\u016bpes \u2013 jaunie\u0161u m\u0101j\u0101m, un aud\u017eu\u0123imen\u0113m, k\u0101 ar\u012b jaunie\u0161iem, kuru \u0123imenes nesp\u0113j sniegt pilnv\u0113rt\u012bgu atbalstu. &#8220;Mentor Latvia&#8221; ir vien\u012bg\u0101 organiz\u0101cija Latvij\u0101, kas pied\u0101v\u0101 mentorprogrammu jaunie\u0161iem vienu<\/p>\n","protected":false},"author":81,"featured_media":3391,"parent":0,"menu_order":0,"comment_status":"closed","ping_status":"closed","template":"full-templates\/page-first.php","meta":{"_acf_changed":false,"footnotes":""},"class_list":["post-1303","page","type-page","status-publish","has-post-thumbnail","hentry"],"acf":[],"yoast_head":"<!-- This site is optimized with the Yoast SEO plugin v27.4 - https:\/\/yoast.com\/product\/yoast-seo-wordpress\/ -->\n<title>Par mums - Latvia Mentor<\/title>\n<meta name=\"robots\" content=\"index, follow, max-snippet:-1, max-image-preview:large, max-video-preview:-1\" \/>\n<link rel=\"canonical\" href=\"https:\/\/mentor.lv\/en\/par-mums\/\" \/>\n<meta property=\"og:locale\" content=\"en_US\" \/>\n<meta property=\"og:type\" content=\"article\" \/>\n<meta property=\"og:title\" content=\"Par mums - Latvia Mentor\" \/>\n<meta property=\"og:description\" content=\"[vc_row][vc_column][vc_column_text css=&#8221;&#8221;] Kas m\u0113s esam? &#8220;Mentor Latvia&#8221; ir nevalstisk\u0101 organiz\u0101cija, kas str\u0101d\u0101 ar jaunie\u0161iem no soci\u0101l\u0101 riska grup\u0101m, kuriem pietr\u016bkst \u0123imenes atbalsta. M\u0113s nodro\u0161in\u0101m individu\u0101lu atbalstu jaunie\u0161iem no \u0101rpus\u0123imenes apr\u016bpes \u2013 jaunie\u0161u m\u0101j\u0101m, un aud\u017eu\u0123imen\u0113m, k\u0101 ar\u012b jaunie\u0161iem, kuru \u0123imenes nesp\u0113j sniegt pilnv\u0113rt\u012bgu atbalstu. &#8220;Mentor Latvia&#8221; ir vien\u012bg\u0101 organiz\u0101cija Latvij\u0101, kas pied\u0101v\u0101 mentorprogrammu jaunie\u0161iem vienu\" \/>\n<meta property=\"og:url\" content=\"https:\/\/mentor.lv\/en\/par-mums\/\" \/>\n<meta property=\"og:site_name\" content=\"Latvia Mentor\" \/>\n<meta property=\"article:modified_time\" content=\"2025-01-21T18:25:01+00:00\" \/>\n<meta property=\"og:image\" content=\"https:\/\/mentor.lv\/wp-content\/uploads\/sites\/4\/2024\/11\/parmumsML-copy.jpeg\" \/>\n\t<meta property=\"og:image:width\" content=\"1000\" \/>\n\t<meta property=\"og:image:height\" content=\"663\" \/>\n\t<meta property=\"og:image:type\" content=\"image\/jpeg\" \/>\n<meta name=\"twitter:card\" content=\"summary_large_image\" \/>\n<meta name=\"twitter:label1\" content=\"Est. reading time\" \/>\n\t<meta name=\"twitter:data1\" content=\"3 minutes\" \/>\n<script type=\"application\/ld+json\" class=\"yoast-schema-graph\">{\"@context\":\"https:\\\/\\\/schema.org\",\"@graph\":[{\"@type\":\"WebPage\",\"@id\":\"https:\\\/\\\/mentor.lv\\\/en\\\/par-mums\\\/\",\"url\":\"https:\\\/\\\/mentor.lv\\\/en\\\/par-mums\\\/\",\"name\":\"Par mums - Latvia Mentor\",\"isPartOf\":{\"@id\":\"https:\\\/\\\/mentor.lv\\\/#website\"},\"primaryImageOfPage\":{\"@id\":\"https:\\\/\\\/mentor.lv\\\/en\\\/par-mums\\\/#primaryimage\"},\"image\":{\"@id\":\"https:\\\/\\\/mentor.lv\\\/en\\\/par-mums\\\/#primaryimage\"},\"thumbnailUrl\":\"https:\\\/\\\/mentor.lv\\\/wp-content\\\/uploads\\\/sites\\\/4\\\/2024\\\/11\\\/parmumsML-copy.jpeg\",\"datePublished\":\"2017-07-06T13:55:41+00:00\",\"dateModified\":\"2025-01-21T18:25:01+00:00\",\"breadcrumb\":{\"@id\":\"https:\\\/\\\/mentor.lv\\\/en\\\/par-mums\\\/#breadcrumb\"},\"inLanguage\":\"en-US\",\"potentialAction\":[{\"@type\":\"ReadAction\",\"target\":[\"https:\\\/\\\/mentor.lv\\\/en\\\/par-mums\\\/\"]}]},{\"@type\":\"ImageObject\",\"inLanguage\":\"en-US\",\"@id\":\"https:\\\/\\\/mentor.lv\\\/en\\\/par-mums\\\/#primaryimage\",\"url\":\"https:\\\/\\\/mentor.lv\\\/wp-content\\\/uploads\\\/sites\\\/4\\\/2024\\\/11\\\/parmumsML-copy.jpeg\",\"contentUrl\":\"https:\\\/\\\/mentor.lv\\\/wp-content\\\/uploads\\\/sites\\\/4\\\/2024\\\/11\\\/parmumsML-copy.jpeg\",\"width\":1000,\"height\":663},{\"@type\":\"BreadcrumbList\",\"@id\":\"https:\\\/\\\/mentor.lv\\\/en\\\/par-mums\\\/#breadcrumb\",\"itemListElement\":[{\"@type\":\"ListItem\",\"position\":1,\"name\":\"Home\",\"item\":\"https:\\\/\\\/mentor.lv\\\/\"},{\"@type\":\"ListItem\",\"position\":2,\"name\":\"Par mums\"}]},{\"@type\":\"WebSite\",\"@id\":\"https:\\\/\\\/mentor.lv\\\/#website\",\"url\":\"https:\\\/\\\/mentor.lv\\\/\",\"name\":\"Latvia Mentor\",\"description\":\"\",\"publisher\":{\"@id\":\"https:\\\/\\\/mentor.lv\\\/#organization\"},\"potentialAction\":[{\"@type\":\"SearchAction\",\"target\":{\"@type\":\"EntryPoint\",\"urlTemplate\":\"https:\\\/\\\/mentor.lv\\\/?s={search_term_string}\"},\"query-input\":{\"@type\":\"PropertyValueSpecification\",\"valueRequired\":true,\"valueName\":\"search_term_string\"}}],\"inLanguage\":\"en-US\"},{\"@type\":\"Organization\",\"@id\":\"https:\\\/\\\/mentor.lv\\\/#organization\",\"name\":\"Latvia Mentor\",\"url\":\"https:\\\/\\\/mentor.lv\\\/\",\"logo\":{\"@type\":\"ImageObject\",\"inLanguage\":\"en-US\",\"@id\":\"https:\\\/\\\/mentor.lv\\\/#\\\/schema\\\/logo\\\/image\\\/\",\"url\":\"https:\\\/\\\/mentor.lv\\\/wp-content\\\/uploads\\\/sites\\\/4\\\/2021\\\/07\\\/mentor-logo-green.svg\",\"contentUrl\":\"https:\\\/\\\/mentor.lv\\\/wp-content\\\/uploads\\\/sites\\\/4\\\/2021\\\/07\\\/mentor-logo-green.svg\",\"width\":130,\"height\":29,\"caption\":\"Latvia Mentor\"},\"image\":{\"@id\":\"https:\\\/\\\/mentor.lv\\\/#\\\/schema\\\/logo\\\/image\\\/\"}}]}<\/script>\n<!-- \/ Yoast SEO plugin. -->","yoast_head_json":{"title":"Par mums - Latvia Mentor","robots":{"index":"index","follow":"follow","max-snippet":"max-snippet:-1","max-image-preview":"max-image-preview:large","max-video-preview":"max-video-preview:-1"},"canonical":"https:\/\/mentor.lv\/en\/par-mums\/","og_locale":"en_US","og_type":"article","og_title":"Par mums - Latvia Mentor","og_description":"[vc_row][vc_column][vc_column_text css=&#8221;&#8221;] Kas m\u0113s esam? &#8220;Mentor Latvia&#8221; ir nevalstisk\u0101 organiz\u0101cija, kas str\u0101d\u0101 ar jaunie\u0161iem no soci\u0101l\u0101 riska grup\u0101m, kuriem pietr\u016bkst \u0123imenes atbalsta. M\u0113s nodro\u0161in\u0101m individu\u0101lu atbalstu jaunie\u0161iem no \u0101rpus\u0123imenes apr\u016bpes \u2013 jaunie\u0161u m\u0101j\u0101m, un aud\u017eu\u0123imen\u0113m, k\u0101 ar\u012b jaunie\u0161iem, kuru \u0123imenes nesp\u0113j sniegt pilnv\u0113rt\u012bgu atbalstu. &#8220;Mentor Latvia&#8221; ir vien\u012bg\u0101 organiz\u0101cija Latvij\u0101, kas pied\u0101v\u0101 mentorprogrammu jaunie\u0161iem vienu","og_url":"https:\/\/mentor.lv\/en\/par-mums\/","og_site_name":"Latvia Mentor","article_modified_time":"2025-01-21T18:25:01+00:00","og_image":[{"width":1000,"height":663,"url":"https:\/\/mentor.lv\/wp-content\/uploads\/sites\/4\/2024\/11\/parmumsML-copy.jpeg","type":"image\/jpeg"}],"twitter_card":"summary_large_image","twitter_misc":{"Est. reading time":"3 minutes"},"schema":{"@context":"https:\/\/schema.org","@graph":[{"@type":"WebPage","@id":"https:\/\/mentor.lv\/en\/par-mums\/","url":"https:\/\/mentor.lv\/en\/par-mums\/","name":"Par mums - Latvia Mentor","isPartOf":{"@id":"https:\/\/mentor.lv\/#website"},"primaryImageOfPage":{"@id":"https:\/\/mentor.lv\/en\/par-mums\/#primaryimage"},"image":{"@id":"https:\/\/mentor.lv\/en\/par-mums\/#primaryimage"},"thumbnailUrl":"https:\/\/mentor.lv\/wp-content\/uploads\/sites\/4\/2024\/11\/parmumsML-copy.jpeg","datePublished":"2017-07-06T13:55:41+00:00","dateModified":"2025-01-21T18:25:01+00:00","breadcrumb":{"@id":"https:\/\/mentor.lv\/en\/par-mums\/#breadcrumb"},"inLanguage":"en-US","potentialAction":[{"@type":"ReadAction","target":["https:\/\/mentor.lv\/en\/par-mums\/"]}]},{"@type":"ImageObject","inLanguage":"en-US","@id":"https:\/\/mentor.lv\/en\/par-mums\/#primaryimage","url":"https:\/\/mentor.lv\/wp-content\/uploads\/sites\/4\/2024\/11\/parmumsML-copy.jpeg","contentUrl":"https:\/\/mentor.lv\/wp-content\/uploads\/sites\/4\/2024\/11\/parmumsML-copy.jpeg","width":1000,"height":663},{"@type":"BreadcrumbList","@id":"https:\/\/mentor.lv\/en\/par-mums\/#breadcrumb","itemListElement":[{"@type":"ListItem","position":1,"name":"Home","item":"https:\/\/mentor.lv\/"},{"@type":"ListItem","position":2,"name":"Par mums"}]},{"@type":"WebSite","@id":"https:\/\/mentor.lv\/#website","url":"https:\/\/mentor.lv\/","name":"Latvia Mentor","description":"","publisher":{"@id":"https:\/\/mentor.lv\/#organization"},"potentialAction":[{"@type":"SearchAction","target":{"@type":"EntryPoint","urlTemplate":"https:\/\/mentor.lv\/?s={search_term_string}"},"query-input":{"@type":"PropertyValueSpecification","valueRequired":true,"valueName":"search_term_string"}}],"inLanguage":"en-US"},{"@type":"Organization","@id":"https:\/\/mentor.lv\/#organization","name":"Latvia Mentor","url":"https:\/\/mentor.lv\/","logo":{"@type":"ImageObject","inLanguage":"en-US","@id":"https:\/\/mentor.lv\/#\/schema\/logo\/image\/","url":"https:\/\/mentor.lv\/wp-content\/uploads\/sites\/4\/2021\/07\/mentor-logo-green.svg","contentUrl":"https:\/\/mentor.lv\/wp-content\/uploads\/sites\/4\/2021\/07\/mentor-logo-green.svg","width":130,"height":29,"caption":"Latvia Mentor"},"image":{"@id":"https:\/\/mentor.lv\/#\/schema\/logo\/image\/"}}]}},"_links":{"self":[{"href":"https:\/\/mentor.lv\/en\/wp-json\/wp\/v2\/pages\/1303","targetHints":{"allow":["GET"]}}],"collection":[{"href":"https:\/\/mentor.lv\/en\/wp-json\/wp\/v2\/pages"}],"about":[{"href":"https:\/\/mentor.lv\/en\/wp-json\/wp\/v2\/types\/page"}],"author":[{"embeddable":true,"href":"https:\/\/mentor.lv\/en\/wp-json\/wp\/v2\/users\/81"}],"replies":[{"embeddable":true,"href":"https:\/\/mentor.lv\/en\/wp-json\/wp\/v2\/comments?post=1303"}],"version-history":[{"count":0,"href":"https:\/\/mentor.lv\/en\/wp-json\/wp\/v2\/pages\/1303\/revisions"}],"wp:featuredmedia":[{"embeddable":true,"href":"https:\/\/mentor.lv\/en\/wp-json\/wp\/v2\/media\/3391"}],"wp:attachment":[{"href":"https:\/\/mentor.lv\/en\/wp-json\/wp\/v2\/media?parent=1303"}],"curies":[{"name":"wp","href":"https:\/\/api.w.org\/{rel}","templated":true}]}}